{"id":9,"date":"2024-04-02T15:04:05","date_gmt":"2024-04-02T12:04:05","guid":{"rendered":"https:\/\/testaa.perhejaperinto.fi\/?page_id=9"},"modified":"2025-12-11T11:38:25","modified_gmt":"2025-12-11T09:38:25","slug":"etusivu","status":"publish","type":"page","link":"https:\/\/perhejaperinto.fi\/","title":{"rendered":"Etusivu"},"content":{"rendered":"\n<div class=\"wp-block-cover alignfull has-xx-large-font-size\"><img loading=\"lazy\" decoding=\"async\" width=\"768\" height=\"220\" class=\"wp-block-cover__image-background wp-image-12\" alt=\"\" src=\"https:\/\/perhejaperinto.fi\/wp-content\/uploads\/2024\/04\/slide-003-images-sliderit-sliders-slider-overlay-right-1050-800-768x220-1.jpg\" style=\"object-position:50% 50%\" data-object-fit=\"cover\" data-object-position=\"50% 50%\" srcset=\"https:\/\/perhejaperinto.fi\/wp-content\/uploads\/2024\/04\/slide-003-images-sliderit-sliders-slider-overlay-right-1050-800-768x220-1.jpg 768w, https:\/\/perhejaperinto.fi\/wp-content\/uploads\/2024\/04\/slide-003-images-sliderit-sliders-slider-overlay-right-1050-800-768x220-1-300x86.jpg 300w\" sizes=\"auto, (max-width: 768px) 100vw, 768px\" \/><span aria-hidden=\"true\" class=\"wp-block-cover__background has-background-dim-10 has-background-dim\"><\/span><div class=\"wp-block-cover__inner-container is-layout-flow wp-block-cover-is-layout-flow\">\n<p class=\"has-text-align-center has-x-large-font-size\">Huolehdi l\u00e4heisist\u00e4si. Ammattitaitoisesti.<\/p>\n<\/div><\/div>\n\n\n\n<h2 class=\"wp-block-heading has-custom-red-color has-text-color has-link-color wp-elements-9472befeb95b8fb3ac92093ff9723c55\">Palveluksessanne<\/h2>\n\n\n\n<ul class=\"wp-block-list\">\n<li>Oikeustieteen maisteri <a href=\"https:\/\/perhejaperinto.fi\/?page_id=116\" data-type=\"page\" data-id=\"116\">Laura Ambagtsheer-Pakarinen<\/a>, OTM 2004. LL.M. (Master of Laws) 2006), ADIT (Advanced Diploma in International Taxation) 2017, DITT (Diploma in Tax and Technology) 2023<\/li>\n<\/ul>\n\n\n\n<p>Toimistolla teit\u00e4 palvelee Laura Ambagtsheer-Pakarinen, joka jatkaa is\u00e4ns\u00e4 VT Jukka Pakarisen ty\u00f6t\u00e4.<\/p>\n\n\n\n<p>Meill\u00e4 voitte asioida my\u00f6s ruotsiksi ja englanniksi (<a href=\"https:\/\/perhejaperinto.fi\/?page_id=123\" data-type=\"page\" data-id=\"123\">in English<\/a>).<\/p>\n\n\n\n<p><\/p>\n\n\n\n<div class=\"wp-block-columns is-layout-flex wp-container-core-columns-is-layout-28f84493 wp-block-columns-is-layout-flex\">\n<div class=\"wp-block-column is-layout-flow wp-block-column-is-layout-flow\">\n<figure class=\"wp-block-image size-full\"><img loading=\"lazy\" decoding=\"async\" width=\"320\" height=\"320\" src=\"https:\/\/perhejaperinto.fi\/wp-content\/uploads\/2024\/04\/feature1.jpg\" alt=\"\" class=\"wp-image-15\" style=\"aspect-ratio:3\/2;object-fit:cover\" srcset=\"https:\/\/perhejaperinto.fi\/wp-content\/uploads\/2024\/04\/feature1.jpg 320w, https:\/\/perhejaperinto.fi\/wp-content\/uploads\/2024\/04\/feature1-300x300.jpg 300w, https:\/\/perhejaperinto.fi\/wp-content\/uploads\/2024\/04\/feature1-150x150.jpg 150w\" sizes=\"auto, (max-width: 320px) 100vw, 320px\" \/><\/figure>\n\n\n\n<h3 class=\"wp-block-heading has-text-align-center has-accent-3-color has-text-color has-link-color wp-elements-57e7fa4d5a7498eaba45f42205f6c3d1\">Palvelut<\/h3>\n\n\n\n<p class=\"has-text-align-center\">Avioehtosopimuksista perint\u00f6asioihin, palvelemme yli 30 vuoden kokemuksella.<\/p>\n\n\n\n<p class=\"has-text-align-center\"><a href=\"https:\/\/perhejaperinto.fi\/?page_id=32\" data-type=\"page\" data-id=\"32\">LUE LIS\u00c4\u00c4<\/a><\/p>\n<\/div>\n\n\n\n<div class=\"wp-block-column is-layout-flow wp-block-column-is-layout-flow\">\n<figure class=\"wp-block-image size-full\"><img loading=\"lazy\" decoding=\"async\" width=\"534\" height=\"250\" src=\"https:\/\/perhejaperinto.fi\/wp-content\/uploads\/2024\/04\/cat-contact.jpg\" alt=\"\" class=\"wp-image-16\" style=\"aspect-ratio:3\/2;object-fit:cover\" srcset=\"https:\/\/perhejaperinto.fi\/wp-content\/uploads\/2024\/04\/cat-contact.jpg 534w, https:\/\/perhejaperinto.fi\/wp-content\/uploads\/2024\/04\/cat-contact-300x140.jpg 300w\" sizes=\"auto, (max-width: 534px) 100vw, 534px\" \/><\/figure>\n\n\n\n<h3 class=\"wp-block-heading has-text-align-center has-accent-3-color has-text-color has-link-color wp-elements-ca640deb39d58f2b1ece72190b104b5a\">Ota yhteytt\u00e4<\/h3>\n\n\n\n<p class=\"has-text-align-center\">Kysytt\u00e4v\u00e4\u00e4? Ammattilaiset ovat valmiita auttamaan haastavissakin tapauksissa.<\/p>\n\n\n\n<p class=\"has-text-align-center\"><a href=\"https:\/\/perhejaperinto.fi\/?page_id=79\" data-type=\"page\" data-id=\"79\">LUE LIS\u00c4\u00c4<\/a><\/p>\n<\/div>\n<\/div>\n","protected":false},"excerpt":{"rendered":"<p>Palveluksessanne Toimistolla teit\u00e4 palvelee Laura Ambagtsheer-Pakarinen, joka jatkaa is\u00e4ns\u00e4 VT Jukka Pakarisen ty\u00f6t\u00e4. Meill\u00e4 voitte asioida my\u00f6s ruotsiksi ja englanniksi (in English). Palvelut Avioehtosopimuksista perint\u00f6asioihin, palvelemme yli 30 vuoden kokemuksella. LUE LIS\u00c4\u00c4 Ota yhteytt\u00e4 Kysytt\u00e4v\u00e4\u00e4? Ammattilaiset ovat valmiita auttamaan haastavissakin tapauksissa. LUE LIS\u00c4\u00c4<\/p>\n","protected":false},"author":1,"featured_media":0,"parent":0,"menu_order":0,"comment_status":"closed","ping_status":"closed","template":"page-no-title","meta":{"footnotes":""},"class_list":["post-9","page","type-page","status-publish","hentry"],"_links":{"self":[{"href":"https:\/\/perhejaperinto.fi\/index.php?rest_route=\/wp\/v2\/pages\/9","targetHints":{"allow":["GET"]}}],"collection":[{"href":"https:\/\/perhejaperinto.fi\/index.php?rest_route=\/wp\/v2\/pages"}],"about":[{"href":"https:\/\/perhejaperinto.fi\/index.php?rest_route=\/wp\/v2\/types\/page"}],"author":[{"embeddable":true,"href":"https:\/\/perhejaperinto.fi\/index.php?rest_route=\/wp\/v2\/users\/1"}],"replies":[{"embeddable":true,"href":"https:\/\/perhejaperinto.fi\/index.php?rest_route=%2Fwp%2Fv2%2Fcomments&post=9"}],"version-history":[{"count":12,"href":"https:\/\/perhejaperinto.fi\/index.php?rest_route=\/wp\/v2\/pages\/9\/revisions"}],"predecessor-version":[{"id":193,"href":"https:\/\/perhejaperinto.fi\/index.php?rest_route=\/wp\/v2\/pages\/9\/revisions\/193"}],"wp:attachment":[{"href":"https:\/\/perhejaperinto.fi\/index.php?rest_route=%2Fwp%2Fv2%2Fmedia&parent=9"}],"curies":[{"name":"wp","href":"https:\/\/api.w.org\/{rel}","templated":true}]}}